{"id":28,"date":"2024-12-14T21:37:50","date_gmt":"2024-12-14T21:37:50","guid":{"rendered":"https:\/\/naszeswietokrzyskie.pl\/?page_id=28"},"modified":"2025-02-02T15:57:08","modified_gmt":"2025-02-02T15:57:08","slug":"glowna","status":"publish","type":"page","link":"https:\/\/naszeswietokrzyskie.pl\/","title":{"rendered":"G\u0141\u00d3WNA"},"content":{"rendered":"<h3 style=\"text-align: center;\">NASZE MALOWANE \u015aWI\u0118TOKRZYSKIE<\/h3>\n<h3 style=\"text-align: center;\">WSP\u00d3\u0141CZESNA INTERPRETACJA PASIAKA \u015aWI\u0118TOKRZYSKIEGO<\/h3>\n<p style=\"text-align: center;\">Karolina Side\u0142-Kozie\u0142<\/p>\n<p style=\"text-align: center;\">\u201eWsp\u00f3\u0142czesna interpretacja pasiaka \u015bwi\u0119tokrzyskiego\u201d to stypendium, w ramach kt\u00f3rego zosta\u0142y zrealizowane m.in.: wystawa malarska, wzornik zapasek \u015bwi\u0119tokrzyskich, wzornik raport\u00f3w \u015bwi\u0119tokrzyskich tkanin pasiastych, powsta\u0142a strona www, odby\u0142y si\u0119 spotkania z tw\u00f3rczyniami ludowymi, tkaczkami, wizyty studyjne, kurs tkania na kro\u015bnie i prz\u0119dzenia k\u0105dzieli na prz\u0119\u015blicy. Stypendium dofinansowane zosta\u0142o z Krajowego Planu Odbudowy.<\/p>\n<p><img loading=\"lazy\" decoding=\"async\" class=\"wp-image-342 aligncenter\" src=\"https:\/\/naszeswietokrzyskie.pl\/wp-content\/uploads\/2025\/02\/kpo_glowna2-300x104.jpg\" alt=\"\" width=\"652\" height=\"226\" srcset=\"https:\/\/naszeswietokrzyskie.pl\/wp-content\/uploads\/2025\/02\/kpo_glowna2-300x104.jpg 300w, https:\/\/naszeswietokrzyskie.pl\/wp-content\/uploads\/2025\/02\/kpo_glowna2-1024x356.jpg 1024w, https:\/\/naszeswietokrzyskie.pl\/wp-content\/uploads\/2025\/02\/kpo_glowna2-768x267.jpg 768w, https:\/\/naszeswietokrzyskie.pl\/wp-content\/uploads\/2025\/02\/kpo_glowna2-1536x533.jpg 1536w, https:\/\/naszeswietokrzyskie.pl\/wp-content\/uploads\/2025\/02\/kpo_glowna2-2048x711.jpg 2048w\" sizes=\"auto, (max-width: 652px) 100vw, 652px\" \/><\/p>\n<p><img loading=\"lazy\" decoding=\"async\" class=\"wp-image-152 aligncenter\" src=\"https:\/\/naszeswietokrzyskie.pl\/wp-content\/uploads\/2025\/01\/KPO_loga-300x29.jpg\" alt=\"\" width=\"672\" height=\"65\" srcset=\"https:\/\/naszeswietokrzyskie.pl\/wp-content\/uploads\/2025\/01\/KPO_loga-300x29.jpg 300w, https:\/\/naszeswietokrzyskie.pl\/wp-content\/uploads\/2025\/01\/KPO_loga-1024x100.jpg 1024w, https:\/\/naszeswietokrzyskie.pl\/wp-content\/uploads\/2025\/01\/KPO_loga-768x75.jpg 768w, https:\/\/naszeswietokrzyskie.pl\/wp-content\/uploads\/2025\/01\/KPO_loga-1536x150.jpg 1536w, https:\/\/naszeswietokrzyskie.pl\/wp-content\/uploads\/2025\/01\/KPO_loga.jpg 1546w\" sizes=\"auto, (max-width: 672px) 100vw, 672px\" \/><\/p>\n<p>&nbsp;<\/p>\n<p>&nbsp;<\/p>\n\n\n<p><\/p>\n","protected":false},"excerpt":{"rendered":"<p>NASZE MALOWANE \u015aWI\u0118TOKRZYSKIE WSP\u00d3\u0141CZESNA INTERPRETACJA PASIAKA \u015aWI\u0118TOKRZYSKIEGO Karolina Side\u0142-Kozie\u0142 \u201eWsp\u00f3\u0142czesna interpretacja pasiaka \u015bwi\u0119tokrzyskiego\u201d to stypendium, w ramach kt\u00f3rego zosta\u0142y zrealizowane [&hellip;]<\/p>\n","protected":false},"author":1,"featured_media":0,"parent":0,"menu_order":0,"comment_status":"closed","ping_status":"closed","template":"","meta":{"footnotes":""},"class_list":["post-28","page","type-page","status-publish","hentry"],"_links":{"self":[{"href":"https:\/\/naszeswietokrzyskie.pl\/index.php\/wp-json\/wp\/v2\/pages\/28","targetHints":{"allow":["GET"]}}],"collection":[{"href":"https:\/\/naszeswietokrzyskie.pl\/index.php\/wp-json\/wp\/v2\/pages"}],"about":[{"href":"https:\/\/naszeswietokrzyskie.pl\/index.php\/wp-json\/wp\/v2\/types\/page"}],"author":[{"embeddable":true,"href":"https:\/\/naszeswietokrzyskie.pl\/index.php\/wp-json\/wp\/v2\/users\/1"}],"replies":[{"embeddable":true,"href":"https:\/\/naszeswietokrzyskie.pl\/index.php\/wp-json\/wp\/v2\/comments?post=28"}],"version-history":[{"count":19,"href":"https:\/\/naszeswietokrzyskie.pl\/index.php\/wp-json\/wp\/v2\/pages\/28\/revisions"}],"predecessor-version":[{"id":343,"href":"https:\/\/naszeswietokrzyskie.pl\/index.php\/wp-json\/wp\/v2\/pages\/28\/revisions\/343"}],"wp:attachment":[{"href":"https:\/\/naszeswietokrzyskie.pl\/index.php\/wp-json\/wp\/v2\/media?parent=28"}],"curies":[{"name":"wp","href":"https:\/\/api.w.org\/{rel}","templated":true}]}}