{"id":11,"date":"2024-12-14T21:34:44","date_gmt":"2024-12-14T21:34:44","guid":{"rendered":"https:\/\/naszeswietokrzyskie.pl\/?page_id=11"},"modified":"2025-01-31T18:14:41","modified_gmt":"2025-01-31T18:14:41","slug":"biografia","status":"publish","type":"page","link":"https:\/\/naszeswietokrzyskie.pl\/index.php\/biografia\/","title":{"rendered":"BIOGRAFIA"},"content":{"rendered":"<div class=\"wp-block-image\">\n<figure class=\"alignright\"><img loading=\"lazy\" decoding=\"async\" width=\"206\" height=\"300\" src=\"https:\/\/naszeswietokrzyskie.pl\/wp-content\/uploads\/2025\/01\/fot_c-206x300.jpg\" alt=\"\" class=\"wp-image-137\" srcset=\"https:\/\/naszeswietokrzyskie.pl\/wp-content\/uploads\/2025\/01\/fot_c-206x300.jpg 206w, https:\/\/naszeswietokrzyskie.pl\/wp-content\/uploads\/2025\/01\/fot_c.jpg 440w\" sizes=\"auto, (max-width: 206px) 100vw, 206px\" \/><\/figure>\n<\/div>\n\n\n<p class=\"has-text-align-left\"><strong>KAROLINA SIDE\u0141-KOZIE\u0141<\/strong><\/p>\n\n\n\n<p>Urodzona w 1987 roku w Kielcach, malarka, kuratorka wystaw i koordynatorka projekt\u00f3w artystycznych, doktor sztuki (2019). Absolwentka Instytutu Sztuk Pi\u0119knych UJK w Kielcach na specjalno\u015bci malarstwo sztalugowe.&nbsp; W trakcie studi\u00f3w uczestniczy\u0142a w wymianach studenckich we Lwowskiej Narodowej Akademii Sztuki, programie MOST na Uniwersytecie Pedagogicznym w Krakowie, Erasmus\/Sokrates w Accademia di Bella Arti di Bari we W\u0142oszech. Uko\u0144czy\u0142a Pa\u0144stwowe Liceum Sztuk Plastycznych im. J\u00f3zefa Szermentowskiego w Kielcach na specjalno\u015bci tkanina artystyczna. Cz\u0142onek zwyczajny Zwi\u0105zku Polskich Artyst\u00f3w Plastyk\u00f3w Okr\u0119g Kielecki oraz cz\u0142onek zwyczajny Polskiego Stowarzyszenia Edukacji Plastycznej Delegatura w Kielcach. Od 2015 roku tworzy cykl malarski \u201cWsp\u00f3\u0142czesne inspiracje pasiakiem \u015bwi\u0119tokrzyskim. Nagrody: Scyzoryk 2013, \u015awi\u0119tokrzyska Nagroda Kultury 2020. Stypendia: stypendium naukowe Mi\u0119dzynarodowy Fundusz Wyszehradzki (2016), stypendium tw\u00f3rcze Ministra Kultury i Dziedzictwa Narodowego (2020), stypendium \u201eMistrz i ucze\u0144\u201d Narodowy Instytut Kultury i Dziedzictwa Wsi (2024), stypendium \u201eKPO dla kultury\u201d Narodowy Instytut Muzyki i Ta\u0144ca (2024). Prezes Fundacji Pasiak \u015awi\u0119tokrzyski (od 2021). Autorka i wsp\u00f3\u0142autorka wystaw indywidualnych i zbiorowych, poplenerowych, pokonkursowych. Prywatnie \u017cona artysty fotografa Grzegorza Side\u0142.<\/p>\n\n\n\n<p>&nbsp;<\/p>\n\n\n<div class=\"wp-block-image\">\n<figure class=\"aligncenter is-resized\"><img loading=\"lazy\" decoding=\"async\" width=\"300\" height=\"29\" src=\"https:\/\/naszeswietokrzyskie.pl\/wp-content\/uploads\/2025\/01\/KPO_loga-300x29.jpg\" alt=\"\" class=\"wp-image-152\" style=\"width:1140px;height:auto\" srcset=\"https:\/\/naszeswietokrzyskie.pl\/wp-content\/uploads\/2025\/01\/KPO_loga-300x29.jpg 300w, https:\/\/naszeswietokrzyskie.pl\/wp-content\/uploads\/2025\/01\/KPO_loga-1024x100.jpg 1024w, https:\/\/naszeswietokrzyskie.pl\/wp-content\/uploads\/2025\/01\/KPO_loga-768x75.jpg 768w, https:\/\/naszeswietokrzyskie.pl\/wp-content\/uploads\/2025\/01\/KPO_loga-1536x150.jpg 1536w, https:\/\/naszeswietokrzyskie.pl\/wp-content\/uploads\/2025\/01\/KPO_loga.jpg 1546w\" sizes=\"auto, (max-width: 300px) 100vw, 300px\" \/><\/figure>\n<\/div>\n\n\n<p><\/p>\n","protected":false},"excerpt":{"rendered":"<p>KAROLINA SIDE\u0141-KOZIE\u0141 Urodzona w 1987 roku w Kielcach, malarka, kuratorka wystaw i koordynatorka projekt\u00f3w artystycznych, doktor sztuki (2019). Absolwentka Instytutu [&hellip;]<\/p>\n","protected":false},"author":1,"featured_media":0,"parent":0,"menu_order":0,"comment_status":"closed","ping_status":"closed","template":"","meta":{"footnotes":""},"class_list":["post-11","page","type-page","status-publish","hentry"],"_links":{"self":[{"href":"https:\/\/naszeswietokrzyskie.pl\/index.php\/wp-json\/wp\/v2\/pages\/11","targetHints":{"allow":["GET"]}}],"collection":[{"href":"https:\/\/naszeswietokrzyskie.pl\/index.php\/wp-json\/wp\/v2\/pages"}],"about":[{"href":"https:\/\/naszeswietokrzyskie.pl\/index.php\/wp-json\/wp\/v2\/types\/page"}],"author":[{"embeddable":true,"href":"https:\/\/naszeswietokrzyskie.pl\/index.php\/wp-json\/wp\/v2\/users\/1"}],"replies":[{"embeddable":true,"href":"https:\/\/naszeswietokrzyskie.pl\/index.php\/wp-json\/wp\/v2\/comments?post=11"}],"version-history":[{"count":18,"href":"https:\/\/naszeswietokrzyskie.pl\/index.php\/wp-json\/wp\/v2\/pages\/11\/revisions"}],"predecessor-version":[{"id":214,"href":"https:\/\/naszeswietokrzyskie.pl\/index.php\/wp-json\/wp\/v2\/pages\/11\/revisions\/214"}],"wp:attachment":[{"href":"https:\/\/naszeswietokrzyskie.pl\/index.php\/wp-json\/wp\/v2\/media?parent=11"}],"curies":[{"name":"wp","href":"https:\/\/api.w.org\/{rel}","templated":true}]}}